{"id":117,"date":"2024-06-24T09:06:49","date_gmt":"2024-06-24T09:06:49","guid":{"rendered":"https:\/\/program.xpomet.com\/?page_id=117"},"modified":"2024-09-30T13:51:41","modified_gmt":"2024-09-30T11:51:41","slug":"programm-20241203","status":"publish","type":"page","link":"https:\/\/program.xpomet.com\/en\/programm-20241203","title":{"rendered":"Programm  &#8211; XPOMET Medicinale 2024"},"content":{"rendered":"","protected":false},"excerpt":{"rendered":"","protected":false},"author":1,"featured_media":0,"parent":0,"menu_order":0,"comment_status":"closed","ping_status":"closed","template":"wp-custom-template-vertical-schedule-editor-template","meta":{"_acf_changed":false,"_eb_attr":"","footnotes":""},"class_list":["post-117","page","type-page","status-publish","hentry"],"acf":[],"yoast_head":"<!-- This site is optimized with the Yoast SEO plugin v23.4 - https:\/\/yoast.com\/wordpress\/plugins\/seo\/ -->\n<title>Programm - XPOMET Medicinale 2024 - XPOMET Programm<\/title>\n<meta name=\"description\" content=\"Xpomet Medicinale ist die gr\u00f6\u00dfte Healthtech-Konferenz f\u00fcr \u00c4rzte, Pflegekr\u00e4fte und IT-Fachleute. Tauchen Sie gemeinsam mit f\u00fchrenden Experten in die Themen KI, Genomik und Digitalisierung im Gesundheitswesen ein und erhalten Sie wertvolle Einblicke in technologieorientierte Gesundheitssysteme. Seien Sie am 3. und 4. Dezember dabei im Congress Centre Leipzig. Melden Sie sich jetzt an und sichern Sie sich Ihren Platz!\" \/>\n<meta name=\"robots\" content=\"index, follow, max-snippet:-1, max-image-preview:large, max-video-preview:-1\" \/>\n<link rel=\"canonical\" href=\"https:\/\/program.xpomet.com\/en\/programm-20241203\/\" \/>\n<meta property=\"og:locale\" content=\"en_GB\" \/>\n<meta property=\"og:type\" content=\"article\" \/>\n<meta property=\"og:title\" content=\"Programm - XPOMET Medicinale 2024 - XPOMET Programm\" \/>\n<meta property=\"og:description\" content=\"Xpomet Medicinale ist die gr\u00f6\u00dfte Healthtech-Konferenz f\u00fcr \u00c4rzte, Pflegekr\u00e4fte und IT-Fachleute. Tauchen Sie gemeinsam mit f\u00fchrenden Experten in die Themen KI, Genomik und Digitalisierung im Gesundheitswesen ein und erhalten Sie wertvolle Einblicke in technologieorientierte Gesundheitssysteme. Seien Sie am 3. und 4. Dezember dabei im Congress Centre Leipzig. Melden Sie sich jetzt an und sichern Sie sich Ihren Platz!\" \/>\n<meta property=\"og:url\" content=\"https:\/\/program.xpomet.com\/en\/programm-20241203\/\" \/>\n<meta property=\"og:site_name\" content=\"XPOMET Programm\" \/>\n<meta property=\"article:modified_time\" content=\"2024-09-30T11:51:41+00:00\" \/>\n<meta property=\"og:image\" content=\"https:\/\/program.xpomet.com\/wp-content\/uploads\/2024\/07\/oie_9mgn1ptwlbvi.jpg\" \/>\n\t<meta property=\"og:image:width\" content=\"600\" \/>\n\t<meta property=\"og:image:height\" content=\"400\" \/>\n\t<meta property=\"og:image:type\" content=\"image\/jpeg\" \/>\n<meta name=\"twitter:card\" content=\"summary_large_image\" \/>\n<meta name=\"twitter:image\" content=\"https:\/\/program.xpomet.com\/wp-content\/uploads\/2024\/07\/oie_9mgn1ptwlbvi.jpg\" \/>\n<script type=\"application\/ld+json\" class=\"yoast-schema-graph\">{\"@context\":\"https:\/\/schema.org\",\"@graph\":[{\"@type\":\"WebPage\",\"@id\":\"https:\/\/program.xpomet.com\/programm-20241203\",\"url\":\"https:\/\/program.xpomet.com\/programm-20241203\",\"name\":\"Programm - XPOMET Medicinale 2024 - XPOMET Programm\",\"isPartOf\":{\"@id\":\"https:\/\/program.xpomet.com\/#website\"},\"datePublished\":\"2024-06-24T09:06:49+00:00\",\"dateModified\":\"2024-09-30T11:51:41+00:00\",\"description\":\"Xpomet Medicinale ist die gr\u00f6\u00dfte Healthtech-Konferenz f\u00fcr \u00c4rzte, Pflegekr\u00e4fte und IT-Fachleute. Tauchen Sie gemeinsam mit f\u00fchrenden Experten in die Themen KI, Genomik und Digitalisierung im Gesundheitswesen ein und erhalten Sie wertvolle Einblicke in technologieorientierte Gesundheitssysteme. Seien Sie am 3. und 4. Dezember dabei im Congress Centre Leipzig. Melden Sie sich jetzt an und sichern Sie sich Ihren Platz!\",\"breadcrumb\":{\"@id\":\"https:\/\/program.xpomet.com\/programm-20241203#breadcrumb\"},\"inLanguage\":\"en-GB\",\"potentialAction\":[{\"@type\":\"ReadAction\",\"target\":[\"https:\/\/program.xpomet.com\/programm-20241203\"]}]},{\"@type\":\"BreadcrumbList\",\"@id\":\"https:\/\/program.xpomet.com\/programm-20241203#breadcrumb\",\"itemListElement\":[{\"@type\":\"ListItem\",\"position\":1,\"name\":\"Startseite\",\"item\":\"https:\/\/program.xpomet.com\/\"},{\"@type\":\"ListItem\",\"position\":2,\"name\":\"Programm &#8211; XPOMET Medicinale 2024\"}]},{\"@type\":\"WebSite\",\"@id\":\"https:\/\/program.xpomet.com\/#website\",\"url\":\"https:\/\/program.xpomet.com\/\",\"name\":\"XPOMET Programm\",\"description\":\"\",\"publisher\":{\"@id\":\"https:\/\/program.xpomet.com\/#organization\"},\"potentialAction\":[{\"@type\":\"SearchAction\",\"target\":{\"@type\":\"EntryPoint\",\"urlTemplate\":\"https:\/\/program.xpomet.com\/?s={search_term_string}\"},\"query-input\":{\"@type\":\"PropertyValueSpecification\",\"valueRequired\":true,\"valueName\":\"search_term_string\"}}],\"inLanguage\":\"en-GB\"},{\"@type\":\"Organization\",\"@id\":\"https:\/\/program.xpomet.com\/#organization\",\"name\":\"XPOMET Programm\",\"url\":\"https:\/\/program.xpomet.com\/\",\"logo\":{\"@type\":\"ImageObject\",\"inLanguage\":\"en-GB\",\"@id\":\"https:\/\/program.xpomet.com\/#\/schema\/logo\/image\/\",\"url\":\"https:\/\/program.xpomet.com\/wp-content\/uploads\/2024\/06\/logo_white-500px.png\",\"contentUrl\":\"https:\/\/program.xpomet.com\/wp-content\/uploads\/2024\/06\/logo_white-500px.png\",\"width\":500,\"height\":428,\"caption\":\"XPOMET Programm\"},\"image\":{\"@id\":\"https:\/\/program.xpomet.com\/#\/schema\/logo\/image\/\"}}]}<\/script>\n<!-- \/ Yoast SEO plugin. -->","yoast_head_json":{"title":"Programm - XPOMET Medicinale 2024 - XPOMET Programm","description":"Xpomet Medicinale ist die gr\u00f6\u00dfte Healthtech-Konferenz f\u00fcr \u00c4rzte, Pflegekr\u00e4fte und IT-Fachleute. Tauchen Sie gemeinsam mit f\u00fchrenden Experten in die Themen KI, Genomik und Digitalisierung im Gesundheitswesen ein und erhalten Sie wertvolle Einblicke in technologieorientierte Gesundheitssysteme. Seien Sie am 3. und 4. Dezember dabei im Congress Centre Leipzig. Melden Sie sich jetzt an und sichern Sie sich Ihren Platz!","robots":{"index":"index","follow":"follow","max-snippet":"max-snippet:-1","max-image-preview":"max-image-preview:large","max-video-preview":"max-video-preview:-1"},"canonical":"https:\/\/program.xpomet.com\/en\/programm-20241203\/","og_locale":"en_GB","og_type":"article","og_title":"Programm - XPOMET Medicinale 2024 - XPOMET Programm","og_description":"Xpomet Medicinale ist die gr\u00f6\u00dfte Healthtech-Konferenz f\u00fcr \u00c4rzte, Pflegekr\u00e4fte und IT-Fachleute. Tauchen Sie gemeinsam mit f\u00fchrenden Experten in die Themen KI, Genomik und Digitalisierung im Gesundheitswesen ein und erhalten Sie wertvolle Einblicke in technologieorientierte Gesundheitssysteme. Seien Sie am 3. und 4. Dezember dabei im Congress Centre Leipzig. Melden Sie sich jetzt an und sichern Sie sich Ihren Platz!","og_url":"https:\/\/program.xpomet.com\/en\/programm-20241203\/","og_site_name":"XPOMET Programm","article_modified_time":"2024-09-30T11:51:41+00:00","og_image":[{"width":600,"height":400,"url":"https:\/\/program.xpomet.com\/wp-content\/uploads\/2024\/07\/oie_9mgn1ptwlbvi.jpg","type":"image\/jpeg"}],"twitter_card":"summary_large_image","twitter_image":"https:\/\/program.xpomet.com\/wp-content\/uploads\/2024\/07\/oie_9mgn1ptwlbvi.jpg","schema":{"@context":"https:\/\/schema.org","@graph":[{"@type":"WebPage","@id":"https:\/\/program.xpomet.com\/programm-20241203","url":"https:\/\/program.xpomet.com\/programm-20241203","name":"Programm - XPOMET Medicinale 2024 - XPOMET Programm","isPartOf":{"@id":"https:\/\/program.xpomet.com\/#website"},"datePublished":"2024-06-24T09:06:49+00:00","dateModified":"2024-09-30T11:51:41+00:00","description":"Xpomet Medicinale ist die gr\u00f6\u00dfte Healthtech-Konferenz f\u00fcr \u00c4rzte, Pflegekr\u00e4fte und IT-Fachleute. Tauchen Sie gemeinsam mit f\u00fchrenden Experten in die Themen KI, Genomik und Digitalisierung im Gesundheitswesen ein und erhalten Sie wertvolle Einblicke in technologieorientierte Gesundheitssysteme. Seien Sie am 3. und 4. Dezember dabei im Congress Centre Leipzig. Melden Sie sich jetzt an und sichern Sie sich Ihren Platz!","breadcrumb":{"@id":"https:\/\/program.xpomet.com\/programm-20241203#breadcrumb"},"inLanguage":"en-GB","potentialAction":[{"@type":"ReadAction","target":["https:\/\/program.xpomet.com\/programm-20241203"]}]},{"@type":"BreadcrumbList","@id":"https:\/\/program.xpomet.com\/programm-20241203#breadcrumb","itemListElement":[{"@type":"ListItem","position":1,"name":"Startseite","item":"https:\/\/program.xpomet.com\/"},{"@type":"ListItem","position":2,"name":"Programm &#8211; XPOMET Medicinale 2024"}]},{"@type":"WebSite","@id":"https:\/\/program.xpomet.com\/#website","url":"https:\/\/program.xpomet.com\/","name":"XPOMET Programm","description":"","publisher":{"@id":"https:\/\/program.xpomet.com\/#organization"},"potentialAction":[{"@type":"SearchAction","target":{"@type":"EntryPoint","urlTemplate":"https:\/\/program.xpomet.com\/?s={search_term_string}"},"query-input":{"@type":"PropertyValueSpecification","valueRequired":true,"valueName":"search_term_string"}}],"inLanguage":"en-GB"},{"@type":"Organization","@id":"https:\/\/program.xpomet.com\/#organization","name":"XPOMET Programm","url":"https:\/\/program.xpomet.com\/","logo":{"@type":"ImageObject","inLanguage":"en-GB","@id":"https:\/\/program.xpomet.com\/#\/schema\/logo\/image\/","url":"https:\/\/program.xpomet.com\/wp-content\/uploads\/2024\/06\/logo_white-500px.png","contentUrl":"https:\/\/program.xpomet.com\/wp-content\/uploads\/2024\/06\/logo_white-500px.png","width":500,"height":428,"caption":"XPOMET Programm"},"image":{"@id":"https:\/\/program.xpomet.com\/#\/schema\/logo\/image\/"}}]}},"_links":{"self":[{"href":"https:\/\/program.xpomet.com\/en\/wp-json\/wp\/v2\/pages\/117","targetHints":{"allow":["GET"]}}],"collection":[{"href":"https:\/\/program.xpomet.com\/en\/wp-json\/wp\/v2\/pages"}],"about":[{"href":"https:\/\/program.xpomet.com\/en\/wp-json\/wp\/v2\/types\/page"}],"author":[{"embeddable":true,"href":"https:\/\/program.xpomet.com\/en\/wp-json\/wp\/v2\/users\/1"}],"replies":[{"embeddable":true,"href":"https:\/\/program.xpomet.com\/en\/wp-json\/wp\/v2\/comments?post=117"}],"version-history":[{"count":6,"href":"https:\/\/program.xpomet.com\/en\/wp-json\/wp\/v2\/pages\/117\/revisions"}],"predecessor-version":[{"id":974,"href":"https:\/\/program.xpomet.com\/en\/wp-json\/wp\/v2\/pages\/117\/revisions\/974"}],"wp:attachment":[{"href":"https:\/\/program.xpomet.com\/en\/wp-json\/wp\/v2\/media?parent=117"}],"curies":[{"name":"wp","href":"https:\/\/api.w.org\/{rel}","templated":true}]}}